{"id":178,"date":"2016-10-23T17:39:36","date_gmt":"2016-10-23T17:39:36","guid":{"rendered":"http:\/\/aaria-tv.com\/wpzeri\/?page_id=178"},"modified":"2023-11-30T21:24:47","modified_gmt":"2023-11-30T21:24:47","slug":"films","status":"publish","type":"page","link":"http:\/\/aaria-tv.com\/wpzeri\/films-3\/films\/","title":{"rendered":"films: fictions documentaires"},"content":{"rendered":"<h1 style=\"text-align: center;\">films: fictions documentaires<\/h1>\n<h1 style=\"text-align: center;\"><img loading=\"lazy\" class=\"aligncenter wp-image-599 size-full\" src=\"http:\/\/aaria-tv.com\/wpzeri\/wp-content\/uploads\/2016\/10\/252-carre.png\" width=\"184\" height=\"184\" srcset=\"http:\/\/aaria-tv.com\/wpzeri\/wp-content\/uploads\/2016\/10\/252-carre.png 184w, http:\/\/aaria-tv.com\/wpzeri\/wp-content\/uploads\/2016\/10\/252-carre-150x150.png 150w, http:\/\/aaria-tv.com\/wpzeri\/wp-content\/uploads\/2016\/10\/252-carre-73x73.png 73w, http:\/\/aaria-tv.com\/wpzeri\/wp-content\/uploads\/2016\/10\/252-carre-174x174.png 174w\" sizes=\"(max-width: 184px) 100vw, 184px\" \/><\/h1>\n<p><a href=\"http:\/\/aaria-tv.com\/mp4\/comme_si_de_rien_v44.mp4\"><img loading=\"lazy\" class=\"aligncenter wp-image-2912\" src=\"http:\/\/aaria-tv.com\/wpzeri\/wp-content\/uploads\/2023\/07\/affiche_comme-si-de-rien-n_etait-12-210x300.jpg\" alt=\"\" width=\"444\" height=\"634\" srcset=\"http:\/\/aaria-tv.com\/wpzeri\/wp-content\/uploads\/2023\/07\/affiche_comme-si-de-rien-n_etait-12-210x300.jpg 210w, http:\/\/aaria-tv.com\/wpzeri\/wp-content\/uploads\/2023\/07\/affiche_comme-si-de-rien-n_etait-12-768x1096.jpg 768w, http:\/\/aaria-tv.com\/wpzeri\/wp-content\/uploads\/2023\/07\/affiche_comme-si-de-rien-n_etait-12.jpg 1000w\" sizes=\"(max-width: 444px) 100vw, 444px\" \/><\/a><\/p>\n<p style=\"text-align: right;\">\n<\/p><h2 style=\"text-align: center;\"><a href=\"http:\/\/aaria-tv.com\/mp4\/comme_si_de_rien_v44.mp4\">Film \u00ab\u00a0Comme si de rien n&rsquo;\u00e9tait\u00a0\u00bb, 1h25<\/a><\/h2>\n<p class=\"western\">\n<\/p><p>photo-roman-vid\u00e9o-graffiti<\/p>\n<p class=\"western\">cr\u00e9ation vintage \u00e0 base de documents de situation,<br>archives personnelles et publiques des ann\u00e9es 60-70<\/p>\n<p class=\"western\">Axel Baudouin, g\u00e9ographe &#8211; \u00e9tudiant \u00e0 Avignon en 1968,<br>Hans Echnaton Schano &#8211; po\u00e8te\/ metteur en sc\u00e8ne \/ acteur du Living Th\u00e9\u00e2tre en 1968,<br>Ren\u00e9 Duran &#8211; occitaniste \/ performer inclassable,<br>Henri Feuillet &#8211; po\u00e8te \/&nbsp; performer&nbsp;inclassable,<br>Christine Cabane &#8211; m\u00e9decin p\u00e9diatre,<br>Bulle &#8211; \u00e9conomiste,<br>Emeline Jouve &#8211; chercheuse sp\u00e9cialiste du th\u00e9\u00e2tre Am\u00e9ricain,<br>Jean-Louis Moynot &#8211; n\u00e9gociateur CGT aux accords de Grenelle en 1968.<\/p>\n<p>A l&rsquo;origine de ce montage il y a la journ\u00e9e du 12 juillet 2018 au Th\u00e9\u00e2tre des Carmes-Andr\u00e9 Benedetto (ass. Urgent crier) et le travail de recherche effectu\u00e9 sur le Living Th\u00e9\u00e2tre en 68 \u00e0 Avignon par Emeline Jouve.<\/p>\n<p>Les chercheurs aiguisent leur curiosit\u00e9 et revisitent les m\u00e9moires. Les enqu\u00eates chronologiques r\u00e9tablissent des faits que les protagonistes n&rsquo;avaient pas tous rep\u00e9r\u00e9s. Mais les perceptions, les \u00e9tats d&rsquo;\u00e2me des acteurs et t\u00e9moins, la vie quotidienne en quelque sorte, ne sont pas consign\u00e9s dans les archives et les magazines. Les longues gestations restent peu visibles. Romans historiques, th\u00e9\u00e2tre \u00e9pique et commentaires y ont parfois rem\u00e9di\u00e9.<\/p>\n<p>Plus modestement, et sous une forme baroque, d\u00e9sinvolte et dat\u00e9e, j&rsquo;ai essay\u00e9 de retrouver dans un carnet de bord lacunaire, ce que quelques jeunes gens des ann\u00e9es 60 avaient alors dans la t\u00eate, les yeux et les oreilles pour en arriver \u00e0 1968, et poursuivre,<br>comme si de rien n&rsquo;\u00e9tait.<\/p>\n<p class=\"western\">JM Peytavin 19\/06\/2018<\/p>\n<p class=\"western\">LE 12 JUILLET 2018 , 14heures ,<br>dans le cadre de \u00ab\u00a0La journ\u00e9e n\u00e9cessaire\u00a0\u00bb, au TH\u00c9\u00c2TRE DES CARMES, AVIGNON<\/p>\n<h1>&nbsp;<\/h1>\n<h3 style=\"text-align: center;\"><img loading=\"lazy\" class=\"aligncenter wp-image-599 size-full\" src=\"http:\/\/aaria-tv.com\/wpzeri\/wp-content\/uploads\/2016\/10\/252-carre.png\" width=\"184\" height=\"184\" srcset=\"http:\/\/aaria-tv.com\/wpzeri\/wp-content\/uploads\/2016\/10\/252-carre.png 184w, http:\/\/aaria-tv.com\/wpzeri\/wp-content\/uploads\/2016\/10\/252-carre-150x150.png 150w, http:\/\/aaria-tv.com\/wpzeri\/wp-content\/uploads\/2016\/10\/252-carre-73x73.png 73w, http:\/\/aaria-tv.com\/wpzeri\/wp-content\/uploads\/2016\/10\/252-carre-174x174.png 174w\" sizes=\"(max-width: 184px) 100vw, 184px\" \/><\/h3>\n<div class=\"wonderplugin-video\" style=\"width:1280px;height:720px;background-color:#000;overflow:hidden;max-width:100%;margin:0 auto\" data-aspectratio=\"1.7777777777778\"><div class=\"wpve-videoplayer\" style=\"width:100%;height:100%\" data-mp4=\"http:\/\/aaria-tv.com\/mp4\/textures2021prog.mp4\" data-skinfolder=\"http:\/\/aaria-tv.com\/wpzeri\/wp-content\/plugins\/wonderplugin-video-embed\/engine\/\" data-poster=\"http:\/\/aaria-tv.com\/wpzeri\/wp-content\/uploads\/2016\/10\/portrait_echelle.jpg\" data-playbutton=\"http:\/\/aaria-tv.com\/wpzeri\/wp-content\/plugins\/wonderplugin-video-embed\/engine\/playvideo-64-64-0.png\"><\/div><\/div>\n\n\n<h2 class=\"has-text-align-center\"> <br>\u00ab\u00a0Textures\u00a0\u00bb (2016), <br>d\u00e9rive sur les traces&nbsp;de feu Andr\u00e9 Benedetto <\/h2>\n\n\n\n<p><br><br><br><br>TEXTURES est un film\/po\u00e8me vite fait en solo avec une petite cam\u00e9ra anti-trantoule qui poursuit au gr\u00e9 du vent quelques personnages ayant crois\u00e9 l\u2019\u0153il d&rsquo;Andr\u00e9 Benedetto, de pr\u00e8s ou de loin, dans la Crau, les Alpilles, la Camargue, Champfleury, Uzeste, au sommet de Tehotihuacan ou ailleurs. Il a \u00e9t\u00e9 projet\u00e9 en ouverture des \u00a0\u00bb rencontres Andr\u00e9 Benedetto 2015&Prime; et au cin\u00e9ma Utopia en 2016.<br>La mati\u00e8re du texte et la sculpture des mots tissent dans le temps une trame interminable. Dans les ann\u00e9es 1966-67, la Nouvelle Compagnie donnait d\u00e9ja au Th\u00e9\u00e2tre des Carmes trois soir\u00e9es happenings m\u00e9morables fouillant la musique, la peinture et le happening lui-m\u00eame, \u00ab\u00a0Verbophonie\u00a0\u00bb, avec A.P\u00e9tronio, \u00ab\u00a0Mati\u00e8res\u00a0\u00bb avec Michel Trinquier et un \u00ab\u00a0Concert Fluxus \/ le son du velours noir\u00a0\u00bb de Ben Vautier.<br>En dehors de la gen\u00e8se du th\u00e9\u00e2tre qu&rsquo;Andr\u00e9 s\u00e9quen\u00e7ait pour son propre usage, Brecht, Artaud, Shakespeare et le ch\u0153ur grec, th\u00e9\u00e2tre des lieux, th\u00e9\u00e2tre po\u00ef\u00e9litique, ready-made, j&rsquo;\u00e9tais s\u00e9duit par cet insatiable attrait pour tant d&rsquo;autres actes de cr\u00e9ation \u00e9chappant \u00e0 la doxa ambiante, son agnosticisme baroque. C&rsquo;\u00e9tait un r\u00e9calcitrant curieux des gens et du verbe lib\u00e9rateur.<br>\u00ab\u00a0TEXTURES\u00a0\u00bb,&nbsp;post-scriptum aux Biblioth\u00e8ques du vent, dernier signe \u00e0 un ami. Je me suis attach\u00e9 \u00e0 capter de quel bois \u00e9taient faits tous ces \u00eatres qui ont form\u00e9 r\u00e9seau, identifi\u00e9 ou non, pollens d&rsquo;une communaut\u00e9 invisible.  On y voit Ren\u00e9, le fr\u00e8re infatigable, \u00e0 la recherche du partage des eaux, Christian Bourgeois, Bessompierre, Jacques Taris, Quinie Araguas, peintres, Robert Manivel, spectateur avis\u00e9, un dialogue d&rsquo;outre tombe avec F\u00e9lix Castan, Serge Pey, Charles Silvestre et C\u00e9zanne, Hannes Lammler et Christian Cabane, beaut\u00e9 et fureur pour Ariane Mnouchkine, Andr\u00e9 Minvielle \u00e0 roue, Jacques Br\u00e9mond et la pyramide, Bernard Lubat aux aguets avec son a-musique, obstin\u00e9e, pr\u00e9sente, forc\u00e9ment&#8230; <br>A la fin, on entend Nelly Pulicani, jeune actrice. Elle a crois\u00e9 le texte du \u00ab\u00a0Memento Occitan\u00a0\u00bb et l&rsquo;a mont\u00e9 et dit avec l&rsquo;\u00e9vidence d&rsquo;un \u00e9clat de silex. Elle n&rsquo;a pas connu l&rsquo;auteur. Elle a jou\u00e9 cet \u00e9pisode, guid\u00e9e par une main pr\u00e9cise et invisible, sur le clavier d&rsquo;une machine \u00e0 s&rsquo;\u00e9crier.<\/p>\n\n\n\n<p>Et \u00e0 la fin des fins,<br>quelques paroles d&rsquo; A.B., d\u00e9sormais magn\u00e9tiques.<br>\u00a0\u00bb il ne restera que des images et des souvenirs&nbsp;\u00a0\u00bb avait-il annonc\u00e9.<br>Dont acte.<\/p>\n\n\n\n<hr class=\"wp-block-separator has-css-opacity\"\/>\n\n\n\n<p>   <\/p>\n\n\n\n<h3 class=\"has-text-align-center\"><img loading=\"lazy\" src=\"http:\/\/aaria-tv.com\/wpzeri\/wp-content\/uploads\/2016\/10\/252-carre.png\" width=\"184\" height=\"184\"><\/h3>\n\n\n<div class=\"wonderplugin-video\" style=\"width:720px;height:576px;background-color:#000;overflow:hidden;max-width:100%;margin:0 auto\" data-aspectratio=\"1.25\"><div class=\"wpve-videoplayer\" style=\"width:100%;height:100%\" data-mp4=\"http:\/\/aaria-tv.com\/mp4\/oiseaux_new%20kpil%202016_web.mp4\" data-skinfolder=\"http:\/\/aaria-tv.com\/wpzeri\/wp-content\/plugins\/wonderplugin-video-embed\/engine\/\" data-poster=\"http:\/\/aaria-tv.com\/wpzeri\/wp-content\/uploads\/2016\/10\/oiseaux.jpg\" data-playbutton=\"http:\/\/aaria-tv.com\/wpzeri\/wp-content\/plugins\/wonderplugin-video-embed\/engine\/playvideo-64-64-0.png\"><\/div><\/div>\n\n\n<p><br>   <\/p>\n\n\n\n<p class=\"has-text-align-center\" style=\"font-size:28px\">\u00ab\u00a0Foutez la paix aux oiseaux\u00a0\u00bb, arch\u00e9o-film et marionnettes pacifistes (1998-2007)<\/p>\n\n\n\n<p class=\"has-text-align-left\"><br>Produit par Unima et Unesco, une grande caravane itin\u00e9rante d&rsquo;artistes et de marionnettistes devait sillonner l&rsquo;Europe et plus pendant l&rsquo;\u00e9t\u00e9 1998. C&rsquo;\u00e9tait le projet initial de Jos\u00e9 Sobrecases &#8230; Il se trouva r\u00e9duit \u00e0 un film qui rendrait compte de seize \u00e9v\u00e8nements sur le th\u00e8me des \u00ab\u00a0oiseaux de la paix\u00a0\u00bb cr\u00e9\u00e9s par les marionnettistes de seize pays, souvent int\u00e9gr\u00e9s \u00e0 un festival ou \u00e0 des rencontres mais parfois construits de toute pi\u00e8ce. Le tournage est r\u00e9alis\u00e9 avec une seule cam\u00e9ra HI8, Jos\u00e9 assurant la logistique, l&rsquo;organisation, la perche et plus si affinit\u00e9&#8230; Dans ce contexte, on peut parler de d\u00e9rive et d&rsquo;improvisation calcul\u00e9e, de road-movie, d&rsquo;autant plus que nous nous sommes souvent laiss\u00e9s emporter au gr\u00e9 du vent de nos rencontres&#8230;<br>Le montage int\u00e9gral des seize interventions durait plus de trois heures et a \u00e9t\u00e9 projet\u00e9 \u00e0 l&rsquo;Unesco-Paris en pleine gr\u00e8ve des transports. Les G\u00e9orgiens avaient beaucoup aim\u00e9 leur clip, mais ils nous avaient bien inspir\u00e9s. <br>J&rsquo;ai remont\u00e9 une version plus courte en 2007 avec quelques inserts baroques cosmopolites. Le film est pass\u00e9 entre autres au Th\u00e9\u00e2tre des Carmes avec la b\u00e9n\u00e9diction d&rsquo;Andr\u00e9 Benedetto qui avait m\u00eame dessin\u00e9 l&rsquo;affiche.<\/p>\n\n\n\n<hr class=\"wp-block-separator has-css-opacity\"\/>\n\n\n\n<h3><br><\/h3>\n\n\n<div class=\"wonderplugin-video\" style=\"width:720px;height:576px;background-color:#000;overflow:hidden;max-width:100%;margin:0 auto\" data-aspectratio=\"1.25\"><div class=\"wpve-videoplayer\" style=\"width:100%;height:100%\" data-mp4=\"http:\/\/aaria-tv.com\/mp4\/transu_web.mp4\" data-skinfolder=\"http:\/\/aaria-tv.com\/wpzeri\/wp-content\/plugins\/wonderplugin-video-embed\/engine\/\" data-poster=\"http:\/\/aaria-tv.com\/wpzeri\/wp-content\/uploads\/2016\/10\/ossau.jpg\" data-playbutton=\"http:\/\/aaria-tv.com\/wpzeri\/wp-content\/plugins\/wonderplugin-video-embed\/engine\/playvideo-64-64-0.png\"><\/div><\/div>\n\n\n<h3 class=\"has-text-align-center\" style=\"font-size:28px\">Transhumance en Ossau, Apocalypse revisit\u00e9e<\/h3>\n\n\n\n<p><br><br><br><br>Court clip-po\u00e8me qui condense des passages dans la vall\u00e9e d&rsquo;Ossau pendant une bonne dizaine d&rsquo;ann\u00e9es. De la cr\u00e9ation de la falaise aux vautours d&rsquo;Augustin Medevielle \u00e0 la rencontre avec Joseph Paroix &amp; family. De l&rsquo;homme foudroy\u00e9 \u00e0 la r\u00e9demption au del\u00e0 du lac de Bious-Artigues <br><br><\/p>\n\n\n\n<h3 class=\"has-text-align-center\" id=\"block-f5849917-0015-447a-800a-471fd70b1d43\"><img loading=\"lazy\" src=\"http:\/\/aaria-tv.com\/wpzeri\/wp-content\/uploads\/2016\/10\/252-carre.png\" width=\"184\" height=\"184\"><\/h3>\n\n\n\n<h2 class=\"has-text-align-center\"><em>pel\u00edcula de carretera VO<\/em><br>ruta5 &#8211; diario &#8211; balada de Ana <br>y otras divagaciones<br><\/h2>\n\n\n<div class=\"wonderplugin-video\" style=\"width:1280px;height:720px;background-color:#000;overflow:hidden;max-width:100%;margin:0 auto\" data-aspectratio=\"1.7777777777778\"><div class=\"wpve-videoplayer\" style=\"width:100%;height:100%\" data-mp4=\"http:\/\/aaria-tv.com\/mp4\/diario%20v7esp.mp4\" data-skinfolder=\"http:\/\/aaria-tv.com\/wpzeri\/wp-content\/plugins\/wonderplugin-video-embed\/engine\/\" data-poster=\"http:\/\/aaria-tv.com\/wpzeri\/wp-content\/uploads\/2021\/03\/DSC00370.jpg\" data-playbutton=\"http:\/\/aaria-tv.com\/wpzeri\/wp-content\/plugins\/wonderplugin-video-embed\/engine\/playvideo-64-64-0.png\"><\/div><\/div>\n\n\n<p><br><\/p>\n\n\n\n<h2><a href=\"http:\/\/aaria-tv.com\/mp4\/diario%20v7esp.mp4\">ruta5 -_diario &#8211; balada de Ana y otras divagaciones &#8211; VO versi\u00f3n en espa\u00f1ol<\/a><\/h2>\n\n\n\n<p>Uruguay, diciembre de 2007, Arles 2021<br>Remix 2021 de una roadmovie_nonchalant rodada en Montevideo en diciembre de 2007,<br>solo por el placer de los rostros de los paisajes y los caf\u00e9s del final de la noche<\/p>\n\n\n\n<hr class=\"wp-block-separator has-css-opacity\"\/>\n\n\n\n<h2 class=\"has-text-align-center\"><em>road movie VF<\/em><br>ruta 5 &#8211; la balade d&rsquo;Ana<br>et autres divagations<br> <br> <br><\/h2>\n\n\n\n<figure class=\"wp-block-image size-large\"><a href=\"https:\/\/www.youtube.com\/watch?v=lKcxYIOkttE\"><img loading=\"lazy\" width=\"1440\" height=\"810\" src=\"http:\/\/aaria-tv.com\/wpzeri\/wp-content\/uploads\/2021\/03\/DSC00370.jpg\" alt=\"\" class=\"wp-image-2091\" srcset=\"http:\/\/aaria-tv.com\/wpzeri\/wp-content\/uploads\/2021\/03\/DSC00370.jpg 1440w, http:\/\/aaria-tv.com\/wpzeri\/wp-content\/uploads\/2021\/03\/DSC00370-300x169.jpg 300w, http:\/\/aaria-tv.com\/wpzeri\/wp-content\/uploads\/2021\/03\/DSC00370-768x432.jpg 768w\" sizes=\"(max-width: 1440px) 100vw, 1440px\" \/><\/a><\/figure>\n\n\n\n<h2><br><a rel=\"noreferrer noopener\" href=\"https:\/\/www.youtube.com\/watch?v=lKcxYIOkttE\" target=\"_blank\">ruta5 &#8211; journal &#8211; balada de Ana y otras divagaciones &#8211; VF version sous-titr\u00e9e en fran\u00e7ais<\/a><\/h2>\n\n\n\n<p class=\"has-text-align-left\">Uruguay, d\u00e9cembre 2007, Arles 2021<br>Remix 2021 d&rsquo;un road-movie_nonchalant tourn\u00e9 \u00e0 Montevideo en d\u00e9cembre 2007, <br>juste pour le plaisir des visages des paysages et des caf\u00e9s du bout de la nuit<\/p>\n\n\n\n<h3 class=\"has-text-align-center\"><br><br><\/h3>\n\n\n\n<figure class=\"wp-block-embed is-type-video is-provider-youtube wp-block-embed-youtube wp-embed-aspect-16-9 wp-has-aspect-ratio\"><div class=\"wp-block-embed__wrapper\">\n<iframe loading=\"lazy\" title=\"ruta 5 journal et autres divagations - VF sous-titr\u00e9e\" width=\"640\" height=\"360\" src=\"https:\/\/www.youtube.com\/embed\/lKcxYIOkttE?feature=oembed\" frameborder=\"0\" allow=\"accelerometer; autoplay; clipboard-write; encrypted-media; gyroscope; picture-in-picture; web-share\" allowfullscreen><\/iframe>\n<\/div><\/figure>\n\n\n\n<p><br><br><br><\/p>\n\n\n\n<hr class=\"wp-block-separator has-css-opacity\"\/>\n\n\n\n<h1 class=\"has-text-align-center has-huge-font-size\"> esquisses<\/h1>\n\n\n<div class=\"wonderplugin-video\" style=\"width:720px;height:576px;background-color:#000;overflow:hidden;max-width:100%;margin:0 auto\" data-aspectratio=\"1.25\"><div class=\"wpve-videoplayer\" style=\"width:100%;height:100%\" data-mp4=\"http:\/\/aaria-tv.com\/mp4\/trailer%20muleta2021.mp4\" data-skinfolder=\"http:\/\/aaria-tv.com\/wpzeri\/wp-content\/plugins\/wonderplugin-video-embed\/engine\/\" data-poster=\"http:\/\/aaria-tv.com\/wpzeri\/wp-content\/uploads\/2021\/03\/mule.jpg\" data-playbutton=\"http:\/\/aaria-tv.com\/wpzeri\/wp-content\/plugins\/wonderplugin-video-embed\/engine\/playvideo-64-64-0.png\"><\/div><\/div>\n\n\n<h3 class=\"has-text-align-center\"><br><a href=\"http:\/\/aaria-tv.com\/mp4\/trailer muleta2021.mp4\">Trailer-maquette pour le centenaire du club taurin \u00ab\u00a0La muleta\u00a0\u00bb \u00e0 Arles<\/a><\/h3>\n\n\n\n<h3 class=\"has-text-align-center\" id=\"block-63a10d1b-efc5-4447-b16a-0af6c9335acc\"><img loading=\"lazy\" src=\"http:\/\/aaria-tv.com\/wpzeri\/wp-content\/uploads\/2016\/10\/252-carre.png\" width=\"184\" height=\"184\"><\/h3>\n\n\n\n<h2><br><br><br><br><br><br><a href=\"http:\/\/aaria-tv.com\/wpzeri\/films-3\/films-2\/\">films\u00a0Clip-Art &amp; installations<\/a><\/h2>\n\n\n\n<h2><a href=\"http:\/\/aaria-tv.com\/wpzeri\/films-3\/archives-esquisses\/\">Cha\u00eene AARIA youtube<\/a><\/h2>\n","protected":false},"excerpt":{"rendered":"<p>films: fictions documentaires Film \u00ab\u00a0Comme si de rien n&rsquo;\u00e9tait\u00a0\u00bb, 1h25 photo-roman-vid\u00e9o-graffiti cr\u00e9ation vintage \u00e0 base de documents de situation,archives personnelles et publiques des ann\u00e9es 60-70 Axel Baudouin, g\u00e9ographe &#8211; \u00e9tudiant \u00e0 Avignon en 1968,Hans Echnaton Schano &#8211; po\u00e8te\/ metteur en sc\u00e8ne \/ acteur du Living Th\u00e9\u00e2tre en 1968,Ren\u00e9 Duran &#8211; occitaniste \/ performer inclassable,Henri Feuillet<a href=\"http:\/\/aaria-tv.com\/wpzeri\/films-3\/films\/\">[&#8230;]<\/a><\/p>\n","protected":false},"author":1,"featured_media":156,"parent":380,"menu_order":0,"comment_status":"closed","ping_status":"closed","template":"template-fullwidth-no-title.php","meta":[],"_links":{"self":[{"href":"http:\/\/aaria-tv.com\/wpzeri\/wp-json\/wp\/v2\/pages\/178"}],"collection":[{"href":"http:\/\/aaria-tv.com\/wpzeri\/wp-json\/wp\/v2\/pages"}],"about":[{"href":"http:\/\/aaria-tv.com\/wpzeri\/wp-json\/wp\/v2\/types\/page"}],"author":[{"embeddable":true,"href":"http:\/\/aaria-tv.com\/wpzeri\/wp-json\/wp\/v2\/users\/1"}],"replies":[{"embeddable":true,"href":"http:\/\/aaria-tv.com\/wpzeri\/wp-json\/wp\/v2\/comments?post=178"}],"version-history":[{"count":193,"href":"http:\/\/aaria-tv.com\/wpzeri\/wp-json\/wp\/v2\/pages\/178\/revisions"}],"predecessor-version":[{"id":3304,"href":"http:\/\/aaria-tv.com\/wpzeri\/wp-json\/wp\/v2\/pages\/178\/revisions\/3304"}],"up":[{"embeddable":true,"href":"http:\/\/aaria-tv.com\/wpzeri\/wp-json\/wp\/v2\/pages\/380"}],"wp:featuredmedia":[{"embeddable":true,"href":"http:\/\/aaria-tv.com\/wpzeri\/wp-json\/wp\/v2\/media\/156"}],"wp:attachment":[{"href":"http:\/\/aaria-tv.com\/wpzeri\/wp-json\/wp\/v2\/media?parent=178"}],"curies":[{"name":"wp","href":"https:\/\/api.w.org\/{rel}","templated":true}]}}