{"id":241,"date":"2016-10-25T01:03:07","date_gmt":"2016-10-25T01:03:07","guid":{"rendered":"http:\/\/aaria-tv.com\/wpzeri\/?page_id=241"},"modified":"2025-11-18T12:48:07","modified_gmt":"2025-11-18T12:48:07","slug":"films-2","status":"publish","type":"page","link":"http:\/\/aaria-tv.com\/wpzeri\/films-3\/films-2\/","title":{"rendered":"Clip-Art Installations"},"content":{"rendered":"\n<h2 class=\"has-text-align-center\"><br>  <\/h2>\n\n\n\n<figure class=\"wp-block-image size-full\"><a href=\"https:\/\/www.youtube.com\/playlist?list=PLDYQglsbBxij0vRDZAFfE9_I8NjM_iuir\" target=\"_blank\" rel=\"noreferrer noopener\"><img loading=\"lazy\" width=\"1920\" height=\"559\" src=\"http:\/\/aaria-tv.com\/wpzeri\/wp-content\/uploads\/2025\/07\/compil-ima-videogrammes.jpg\" alt=\"\" class=\"wp-image-3697\" srcset=\"http:\/\/aaria-tv.com\/wpzeri\/wp-content\/uploads\/2025\/07\/compil-ima-videogrammes.jpg 1920w, http:\/\/aaria-tv.com\/wpzeri\/wp-content\/uploads\/2025\/07\/compil-ima-videogrammes-300x87.jpg 300w, http:\/\/aaria-tv.com\/wpzeri\/wp-content\/uploads\/2025\/07\/compil-ima-videogrammes-768x224.jpg 768w, http:\/\/aaria-tv.com\/wpzeri\/wp-content\/uploads\/2025\/07\/compil-ima-videogrammes-1536x447.jpg 1536w\" sizes=\"(max-width: 1920px) 100vw, 1920px\" \/><\/a><\/figure>\n\n\n\n<h2 class=\"has-text-align-center\">  <br>  <br>films clip-art &amp; installations     <\/h2>\n\n\n\n<div class=\"wp-block-fv-player-gutenberg-basic\"><div id=\"wpfp_9ef6cde30244a2d2388d53bdb1d6775c\" class=\"flowplayer no-brand is-splash is-paused skin-slim no-svg fp-slim fp-edgy has-playlist has-playlist-horizontal\" data-fvautoplay=\"-1\" style=\"position:relative; max-width: 100%; \" data-ratio=\"0.5625\">\n\t<div class=\"fp-ratio\" style=\"padding-top: 56.25%\"><\/div>\n\t<img class=\"fp-splash\" alt=\"La commune de Paris - po\u00e8me\" src=\"http:\/\/aaria-tv.com\/wpzeri\/wp-content\/uploads\/2023\/01\/cover_commune3.jpg\" style=\"position:absolute;top:0;width:100%\" \/>\n\t<div class=\"fp-ui\"><noscript>Please enable JavaScript<\/noscript><div class=\"fp-play fp-visible\"><svg class=\"fp-play-sharp-fill\" xmlns=\"http:\/\/www.w3.org\/2000\/svg\" viewBox=\"0 0 100 100\"><defs><style>.fp-color-play{opacity:0.65;}.controlbutton{fill:#fff;}<\/style><\/defs><title>play-sharp-fill<\/title><path class=\"fp-color-play\" d=\"M49.9217-.078a50,50,0,1,0,50,50A50.0564,50.0564,0,0,0,49.9217-.078Z\"\/><polygon class=\"controlbutton\" points=\"73.601 50 37.968 70.573 37.968 29.427 73.601 50\" filter=\"url(#f1)\"\/><\/svg><\/div><div class=\"fp-preload\"><b><\/b><b><\/b><b><\/b><b><\/b><\/div><\/div>\n\n<\/div>\n\t<div class=\"fp-playlist-external fv-playlist-design-2017 fp-playlist-horizontal fp-playlist-has-captions skin-slim\" rel=\"wpfp_9ef6cde30244a2d2388d53bdb1d6775c\">\n\t\t<a href='#' data-item='{\"sources\":[{\"src\":\"http:\\\/\\\/aaria-tv.com\\\/mp4\\\/00commune_v9_50is.mp4\",\"type\":\"video\\\/mp4\"}],\"id\":53,\"fv_title\":\"La commune de Paris - po\\u00e8me\",\"splash\":\"http:\\\/\\\/aaria-tv.com\\\/wpzeri\\\/wp-content\\\/uploads\\\/2023\\\/01\\\/cover_commune3.jpg\"}'><div class='fvp-playlist-thumb-img'><img  src='http:\/\/aaria-tv.com\/wpzeri\/wp-content\/uploads\/2023\/01\/cover_commune3.jpg' \/><\/div><h4><span>La commune de Paris - po\u00e8me<\/span><i class=\"dur\">14:49<\/i><\/h4><\/a>\n\t\t<a href='#' data-item='{\"sources\":[{\"src\":\"http:\\\/\\\/aaria-tv.com\\\/mp4\\\/compil_BD_poemes_Benedetto.mp4\",\"type\":\"video\\\/mp4\"}],\"id\":55,\"fv_title\":\"Benedetto 1983, Bandes-son dessin\\u00e9es 2023\",\"splash\":\"http:\\\/\\\/aaria-tv.com\\\/wpzeri\\\/wp-content\\\/uploads\\\/2023\\\/07\\\/ca-brule.jpg\"}'><div class='fvp-playlist-thumb-img'><img  src='http:\/\/aaria-tv.com\/wpzeri\/wp-content\/uploads\/2023\/07\/ca-brule.jpg' \/><\/div><h4><span>Benedetto 1983, Bandes-son dessin\u00e9es 2023<\/span><i class=\"dur\">12:49<\/i><\/h4><\/a>\n\t\t<a href='#' data-item='{\"sources\":[{\"src\":\"http:\\\/\\\/aaria-tv.com\\\/mpz\\\/SONIA locus solus WEB HR.mp4\",\"type\":\"video\\\/mp4\"}],\"id\":59,\"fv_title\":\"Monologue de Sonia 1980-1995\",\"splash\":\"http:\\\/\\\/aaria-tv.com\\\/wpzeri\\\/wp-content\\\/uploads\\\/2024\\\/05\\\/07_SONIA-locus-solus-tit.jpg\"}'><div class='fvp-playlist-thumb-img'><img  src='http:\/\/aaria-tv.com\/wpzeri\/wp-content\/uploads\/2024\/05\/07_SONIA-locus-solus-tit.jpg' \/><\/div><h4><span>Monologue de Sonia 1980-1995<\/span><i class=\"dur\">22:26<\/i><\/h4><\/a>\n\t\t<a href='#' data-item='{\"sources\":[{\"src\":\"http:\\\/\\\/aaria-tv.com\\\/mp4\\\/duendes_800.mp4\",\"type\":\"video\\\/mp4\"}],\"id\":\"10\",\"fv_title\":\"duende \\u0026 flamenco dances, Atelier reflexe Arles\",\"splash\":\"http:\\\/\\\/aaria-tv.com\\\/wpzeri\\\/wp-content\\\/uploads\\\/2016\\\/10\\\/duende.jpg\"}'><div class='fvp-playlist-thumb-img'><img  src='http:\/\/aaria-tv.com\/wpzeri\/wp-content\/uploads\/2016\/10\/duende.jpg' \/><\/div><h4><span>duende & flamenco dances, Atelier reflexe Arles<\/span><i class=\"dur\">12:35<\/i><\/h4><\/a>\n\t\t<a href='#' data-item='{\"sources\":[{\"src\":\"http:\\\/\\\/aaria-tv.com\\\/mp4\\\/a_l_heure_horloge_poeme_2022.mp4\",\"type\":\"video\\\/mp4\"}],\"id\":54,\"fv_title\":\"A l\\u0027heure o\\u00f9\",\"splash\":\"http:\\\/\\\/aaria-tv.com\\\/wpzeri\\\/wp-content\\\/uploads\\\/2023\\\/01\\\/a_l_heure_horloge_poeme_2022.jpg\"}'><div class='fvp-playlist-thumb-img'><img  src='http:\/\/aaria-tv.com\/wpzeri\/wp-content\/uploads\/2023\/01\/a_l_heure_horloge_poeme_2022.jpg' \/><\/div><h4><span>A l'heure o\u00f9<\/span><i class=\"dur\">21:16<\/i><\/h4><\/a>\n\t\t<a href='#' data-item='{\"sources\":[{\"src\":\"http:\\\/\\\/aaria-tv.com\\\/mp4\\\/lessness800.mp4\",\"type\":\"video\\\/mp4\"}],\"id\":12,\"fv_title\":\"lessness, rats et lobos de mar, Dubrovnik\",\"splash\":\"http:\\\/\\\/aaria-tv.com\\\/wpzeri\\\/wp-content\\\/uploads\\\/2016\\\/10\\\/lessness.jpg\"}'><div class='fvp-playlist-thumb-img'><img  src='http:\/\/aaria-tv.com\/wpzeri\/wp-content\/uploads\/2016\/10\/lessness.jpg' \/><\/div><h4><span>lessness, rats et lobos de mar, Dubrovnik<\/span><i class=\"dur\">32:08<\/i><\/h4><\/a>\n\t\t<a href='#' data-item='{\"sources\":[{\"src\":\"http:\\\/\\\/aaria-tv.com\\\/mp4\\\/graficruta_av_muzik.mp4\",\"type\":\"video\\\/mp4\"}],\"id\":14,\"fv_title\":\"Ruta 5 graffiti, installation in Quai Branleur chez Kinie\",\"splash\":\"http:\\\/\\\/aaria-tv.com\\\/wpzeri\\\/wp-content\\\/uploads\\\/2021\\\/03\\\/sequence-graficruta_av_muzik.jpg\"}'><div class='fvp-playlist-thumb-img'><img  src='http:\/\/aaria-tv.com\/wpzeri\/wp-content\/uploads\/2021\/03\/sequence-graficruta_av_muzik.jpg' \/><\/div><h4><span>Ruta 5 graffiti, installation in Quai Branleur chez Kinie<\/span><i class=\"dur\">25:50<\/i><\/h4><\/a>\n\t\t<a href='#' data-item='{\"sources\":[{\"src\":\"http:\\\/\\\/aaria-tv.com\\\/mp4\\\/tournevire20071024.mp4\",\"type\":\"video\\\/mp4\"}],\"id\":15,\"fv_title\":\"Tournevire, entrandanse, le radeau des m\\u00e9dus\\u00e9s\",\"splash\":\"http:\\\/\\\/aaria-tv.com\\\/wpzeri\\\/wp-content\\\/uploads\\\/2016\\\/10\\\/tournevire.jpg\"}'><div class='fvp-playlist-thumb-img'><img  src='http:\/\/aaria-tv.com\/wpzeri\/wp-content\/uploads\/2016\/10\/tournevire.jpg' \/><\/div><h4><span>Tournevire, entrandanse, le radeau des m\u00e9dus\u00e9s<\/span><i class=\"dur\">09:23<\/i><\/h4><\/a>\n\t\t<a href='#' data-item='{\"sources\":[{\"src\":\"http:\\\/\\\/aaria-tv.com\\\/mp4\\\/milieu_pont.mp4\",\"type\":\"video\\\/mp4\"}],\"id\":16,\"fv_title\":\"commencer par la fin du milieu d\\u0027un pont\",\"splash\":\"http:\\\/\\\/aaria-tv.com\\\/wpzeri\\\/wp-content\\\/uploads\\\/2016\\\/10\\\/IMG0052.jpg\"}'><div class='fvp-playlist-thumb-img'><img  src='http:\/\/aaria-tv.com\/wpzeri\/wp-content\/uploads\/2016\/10\/IMG0052.jpg' \/><\/div><h4><span>commencer par la fin du milieu d'un pont<\/span><i class=\"dur\">26:56<\/i><\/h4><\/a>\n\t<\/div>\n<\/div>\n\n\n\n<hr class=\"wp-block-separator has-css-opacity\"\/>\n\n\n\n<h2 class=\"has-text-align-center\">  <br>  <br>  <br>performances<br>    <br>  <\/h2>\n\n\n\n<div class=\"wp-block-fv-player-gutenberg-basic\"><div id=\"wpfp_0be310108b10963bd5d149c9796e73a8\" class=\"flowplayer no-brand is-splash is-paused skin-slim no-svg fp-slim fp-edgy has-playlist has-playlist-horizontal\" data-fvautoplay=\"-1\" style=\"position:relative; max-width: 100%; \" data-ratio=\"0.5625\">\n\t<div class=\"fp-ratio\" style=\"padding-top: 56.25%\"><\/div>\n\t<img class=\"fp-splash\" alt=\"G\u00e9om\u00e9tries de l&#039;ombre, perf aux Th\u00e9\u00e2tre des Carmes, 2004\" src=\"http:\/\/aaria-tv.com\/wpzeri\/wp-content\/uploads\/2016\/10\/geom_ombre.jpg\" style=\"position:absolute;top:0;width:100%\" \/>\n\t<div class=\"fp-ui\"><noscript>Please enable JavaScript<\/noscript><div class=\"fp-play fp-visible\"><svg class=\"fp-play-sharp-fill\" xmlns=\"http:\/\/www.w3.org\/2000\/svg\" viewBox=\"0 0 100 100\"><defs><style>.fp-color-play{opacity:0.65;}.controlbutton{fill:#fff;}<\/style><\/defs><title>play-sharp-fill<\/title><path class=\"fp-color-play\" d=\"M49.9217-.078a50,50,0,1,0,50,50A50.0564,50.0564,0,0,0,49.9217-.078Z\"\/><polygon class=\"controlbutton\" points=\"73.601 50 37.968 70.573 37.968 29.427 73.601 50\" filter=\"url(#f1)\"\/><\/svg><\/div><div class=\"fp-preload\"><b><\/b><b><\/b><b><\/b><b><\/b><\/div><\/div>\n<div class=\"fvfp_duration\">01:14:45<\/div>\n<\/div>\n\t<div class=\"fp-playlist-external fv-playlist-design-2017 fp-playlist-horizontal fp-playlist-has-captions skin-slim\" rel=\"wpfp_0be310108b10963bd5d149c9796e73a8\">\n\t\t<a href='#' data-item='{\"sources\":[{\"src\":\"http:\\\/\\\/aaria-tv.com\\\/mp4\\\/geom_ombre_carmes_web.mp4\",\"type\":\"video\\\/mp4\"}],\"id\":23,\"fv_title\":\"G\\u00e9om\\u00e9tries de l\\u0027ombre, perf aux Th\\u00e9\\u00e2tre des Carmes, 2004\",\"splash\":\"http:\\\/\\\/aaria-tv.com\\\/wpzeri\\\/wp-content\\\/uploads\\\/2016\\\/10\\\/geom_ombre.jpg\"}'><div class='fvp-playlist-thumb-img'><img  src='http:\/\/aaria-tv.com\/wpzeri\/wp-content\/uploads\/2016\/10\/geom_ombre.jpg' \/><\/div><h4><span>G\u00e9om\u00e9tries de l'ombre, perf aux Th\u00e9\u00e2tre des Carmes, 2004<\/span><i class=\"dur\">01:14:45<\/i><\/h4><\/a>\n\t\t<a href='#' data-item='{\"sources\":[{\"src\":\"http:\\\/\\\/aaria-tv.com\\\/mp4\\\/clip_adam_barbeles new 1024.mp4\",\"type\":\"video\\\/mp4\"}],\"id\":27,\"fv_title\":\"Clip performance Barbel\\u00e9s th. des Carmes Adam Eve \\u0026amp; Lilith\",\"splash\":\"http:\\\/\\\/aaria-tv.com\\\/wpzeri\\\/wp-content\\\/uploads\\\/2021\\\/03\\\/adam_barbeles.jpg\"}'><div class='fvp-playlist-thumb-img'><img  src='http:\/\/aaria-tv.com\/wpzeri\/wp-content\/uploads\/2021\/03\/adam_barbeles.jpg' \/><\/div><h4><span>Clip performance Barbel\u00e9s th. des Carmes Adam Eve &amp; Lilith<\/span><i class=\"dur\">08:23<\/i><\/h4><\/a>\n\t\t<a href='#' data-item='{\"sources\":[{\"src\":\"http:\\\/\\\/aaria-tv.com\\\/mp4\\\/bionic_woman.mp4\",\"type\":\"video\\\/mp4\"}],\"id\":\"21\",\"fv_title\":\"bionic woman perf ARLES \\u0026 AVIGNON\",\"splash\":\"http:\\\/\\\/aaria-tv.com\\\/wpzeri\\\/wp-content\\\/uploads\\\/2016\\\/10\\\/bionic.jpg\"}'><div class='fvp-playlist-thumb-img'><img  src='http:\/\/aaria-tv.com\/wpzeri\/wp-content\/uploads\/2016\/10\/bionic.jpg' \/><\/div><h4><span>bionic woman perf ARLES & AVIGNON<\/span><i class=\"dur\">04:16<\/i><\/h4><\/a>\n\t\t<a href='#' data-item='{\"sources\":[{\"src\":\"http:\\\/\\\/aaria-tv.com\\\/mp4\\\/Vinco funerals cahors with nora 2009.mp4\",\"type\":\"video\\\/mp4\"}],\"id\":57,\"fv_title\":\"performance Vinco Prizmic \\u0022funerals with Nora\\u0022 \\u00e0 Cahors\",\"splash\":\"http:\\\/\\\/aaria-tv.com\\\/wpzeri\\\/wp-content\\\/uploads\\\/2024\\\/03\\\/plakatt-funerals.jpg\"}'><div class='fvp-playlist-thumb-img'><img  src='http:\/\/aaria-tv.com\/wpzeri\/wp-content\/uploads\/2024\/03\/plakatt-funerals.jpg' \/><\/div><h4><span>performance Vinco Prizmic \"funerals with Nora\" \u00e0 Cahors<\/span><i class=\"dur\">21:42<\/i><\/h4><\/a>\n\t\t<a href='#' data-item='{\"sources\":[{\"src\":\"http:\\\/\\\/aaria-tv.com\\\/mp4\\\/Vinco Prizmic itv Cahors 2009.mp4\",\"type\":\"video\\\/mp4\"}],\"id\":58,\"fv_title\":\"Vinco Mario Prizmic, interview Cahors juin 2009\",\"splash\":\"http:\\\/\\\/aaria-tv.com\\\/wpzeri\\\/wp-content\\\/uploads\\\/2016\\\/10\\\/vinco.jpg\"}'><div class='fvp-playlist-thumb-img'><img  src='http:\/\/aaria-tv.com\/wpzeri\/wp-content\/uploads\/2016\/10\/vinco.jpg' \/><\/div><h4><span>Vinco Mario Prizmic, interview Cahors juin 2009<\/span><i class=\"dur\">15:58<\/i><\/h4><\/a>\n\t<\/div>\n<\/div>\n\n\n\n<hr class=\"wp-block-separator has-css-opacity\"\/>\n\n\n\n<h2 class=\"has-text-align-center\">  <br>  <br>  <br>films-docs expos &amp; festivals<br><br>      <\/h2>\n\n\n\n<div class=\"wp-block-fv-player-gutenberg-basic\"><div id=\"wpfp_3c3e1ff91ae820689e4277182035c7b6\" class=\"flowplayer no-brand is-splash is-paused skin-slim no-svg fp-slim fp-edgy has-playlist has-playlist-horizontal has-splash-text\" data-fvautoplay=\"-1\" style=\"position:relative; max-width: 100%; \" data-ratio=\"0.5625\">\n\t<div class=\"fp-ratio\" style=\"padding-top: 56.25%\"><\/div>\n\t<img class=\"fp-splash\" alt=\"Exposition &quot;quai branleur&quot;, Bordeaux-le Tourne\" src=\"http:\/\/aaria-tv.com\/wpzeri\/wp-content\/uploads\/2016\/10\/key_branlou.jpg\" style=\"position:absolute;top:0;width:100%\" \/>\n\t<div class=\"fp-ui\"><noscript>Please enable JavaScript<\/noscript><div class=\"fp-play fp-visible\"><svg class=\"fp-play-sharp-fill\" xmlns=\"http:\/\/www.w3.org\/2000\/svg\" viewBox=\"0 0 100 100\"><defs><style>.fp-color-play{opacity:0.65;}.controlbutton{fill:#fff;}<\/style><\/defs><title>play-sharp-fill<\/title><path class=\"fp-color-play\" d=\"M49.9217-.078a50,50,0,1,0,50,50A50.0564,50.0564,0,0,0,49.9217-.078Z\"\/><polygon class=\"controlbutton\" points=\"73.601 50 37.968 70.573 37.968 29.427 73.601 50\" filter=\"url(#f1)\"\/><\/svg><\/div><div class=\"fp-preload\"><b><\/b><b><\/b><b><\/b><b><\/b><\/div><\/div>\n<div class=\"fvfp_duration\">14:31<\/div>\n<div class='fv-fp-splash-text'><span class='custom-play-button'>expo<\/span><\/div>\n<\/div>\n\t<div class=\"fp-playlist-external fv-playlist-design-2017 fp-playlist-horizontal fp-playlist-has-captions skin-slim\" rel=\"wpfp_3c3e1ff91ae820689e4277182035c7b6\">\n\t\t<a href='#' data-item='{\"sources\":[{\"src\":\"http:\\\/\\\/aaria-tv.com\\\/mp4\\\/kbranleur_800.mp4\",\"type\":\"video\\\/mp4\"}],\"id\":\"31\",\"fv_title\":\"Exposition \\u0022quai branleur\\u0022, Bordeaux-le Tourne\",\"splash\":\"http:\\\/\\\/aaria-tv.com\\\/wpzeri\\\/wp-content\\\/uploads\\\/2016\\\/10\\\/key_branlou.jpg\"}'><div class='fvp-playlist-thumb-img'><img  src='http:\/\/aaria-tv.com\/wpzeri\/wp-content\/uploads\/2016\/10\/key_branlou.jpg' \/><\/div><h4><span>Exposition \"quai branleur\", Bordeaux-le Tourne<\/span><i class=\"dur\">14:31<\/i><\/h4><\/a>\n\t\t<a href='#' data-item='{\"sources\":[{\"src\":\"http:\\\/\\\/aaria-tv.com\\\/mp4\\\/dubrovnik_petit_festival_2009_web.mp4\",\"type\":\"video\\\/mp4\"}],\"id\":32,\"fv_title\":\"Dubrovnik, le petit festival 2009\",\"splash\":\"http:\\\/\\\/aaria-tv.com\\\/wpzeri\\\/wp-content\\\/uploads\\\/2016\\\/10\\\/dubrovnik_fest.jpg\"}'><div class='fvp-playlist-thumb-img'><img  src='http:\/\/aaria-tv.com\/wpzeri\/wp-content\/uploads\/2016\/10\/dubrovnik_fest.jpg' \/><\/div><h4><span>Dubrovnik, le petit festival 2009<\/span><i class=\"dur\">29:08<\/i><\/h4><\/a>\n\t<\/div>\n<\/div>\n\n\n\n<hr class=\"wp-block-separator has-css-opacity\"\/>\n\n\n\n<h2 class=\"has-text-align-center\">  <br>  <br>  <br> captations<br>  <br>  <\/h2>\n\n\n\n<div class=\"wp-block-fv-player-gutenberg-basic\"><div id=\"wpfp_aaf1ebd40b01c47b54917998067781c7\" class=\"flowplayer no-brand is-splash is-paused skin-slim no-svg fp-slim fp-edgy has-playlist has-playlist-horizontal has-splash-text\" style=\"position:relative; max-width: 100%; \" data-ratio=\"0.5625\">\n\t<div class=\"fp-ratio\" style=\"padding-top: 56.25%\"><\/div>\n\t<img class=\"fp-splash\" alt=\"Ile nue, captation performance danse avec Incidence\" src=\"http:\/\/aaria-tv.com\/wpzeri\/wp-content\/uploads\/2016\/10\/bo-250.jpg\" style=\"position:absolute;top:0;width:100%\" \/>\n\t<div class=\"fp-ui\"><noscript>Please enable JavaScript<\/noscript><div class=\"fp-play fp-visible\"><svg class=\"fp-play-sharp-fill\" xmlns=\"http:\/\/www.w3.org\/2000\/svg\" viewBox=\"0 0 100 100\"><defs><style>.fp-color-play{opacity:0.65;}.controlbutton{fill:#fff;}<\/style><\/defs><title>play-sharp-fill<\/title><path class=\"fp-color-play\" d=\"M49.9217-.078a50,50,0,1,0,50,50A50.0564,50.0564,0,0,0,49.9217-.078Z\"\/><polygon class=\"controlbutton\" points=\"73.601 50 37.968 70.573 37.968 29.427 73.601 50\" filter=\"url(#f1)\"\/><\/svg><\/div><div class=\"fp-preload\"><b><\/b><b><\/b><b><\/b><b><\/b><\/div><\/div>\n<div class=\"fvfp_duration\">44:09<\/div>\n<div class='fv-fp-splash-text'><span class='custom-play-button'>captation<\/span><\/div>\n<\/div>\n\t<div class=\"fp-playlist-external fv-playlist-design-2017 fp-playlist-horizontal fp-playlist-has-captions skin-slim\" rel=\"wpfp_aaf1ebd40b01c47b54917998067781c7\">\n\t\t<a href='#' data-item='{\"sources\":[{\"src\":\"http:\\\/\\\/aaria-tv.com\\\/mp4\\\/ile_nue.mp4\",\"type\":\"video\\\/mp4\"}],\"id\":\"28\",\"fv_title\":\"Ile nue, captation performance danse avec Incidence\",\"splash\":\"http:\\\/\\\/aaria-tv.com\\\/wpzeri\\\/wp-content\\\/uploads\\\/2016\\\/10\\\/bo-250.jpg\"}'><div class='fvp-playlist-thumb-img'><img  src='http:\/\/aaria-tv.com\/wpzeri\/wp-content\/uploads\/2016\/10\/bo-250.jpg' \/><\/div><h4><span>Ile nue, captation performance danse avec Incidence<\/span><i class=\"dur\">44:09<\/i><\/h4><\/a>\n\t\t<a href='#' data-item='{\"sources\":[{\"src\":\"http:\\\/\\\/aaria-tv.com\\\/mp4\\\/sapto.mp4\",\"type\":\"video\\\/mp4\"}],\"id\":29,\"fv_title\":\"Sapto, captation performance danse\\\/musique avec Incidence\",\"splash\":\"http:\\\/\\\/aaria-tv.com\\\/wpzeri\\\/wp-content\\\/uploads\\\/2016\\\/10\\\/sapto_machi-250.jpg\"}'><div class='fvp-playlist-thumb-img'><img  src='http:\/\/aaria-tv.com\/wpzeri\/wp-content\/uploads\/2016\/10\/sapto_machi-250.jpg' \/><\/div><h4><span>Sapto, captation performance danse\/musique avec Incidence<\/span><i class=\"dur\">46:31<\/i><\/h4><\/a>\n\t\t<a href='#' data-item='{\"sources\":[{\"src\":\"http: \\\/\\\/aaria-tv.com\\\/mp4\\\/juliett_ipad3.mp4\",\"type\":\"video\\\/mp4\"}],\"id\":30,\"fv_title\":\"Captation du spectacle de Juliette P\",\"splash\":\"http:\\\/\\\/aaria-tv.com\\\/wpzeri\\\/wp-content\\\/uploads\\\/2016\\\/10\\\/jiliette.jpg\"}'><div class='fvp-playlist-thumb-img'><img  src='http:\/\/aaria-tv.com\/wpzeri\/wp-content\/uploads\/2016\/10\/jiliette.jpg' \/><\/div><h4><span>Captation du spectacle de Juliette P<\/span><i class=\"dur\">01:00:54<\/i><\/h4><\/a>\n\t<\/div>\n<\/div>\n\n\n\n<hr class=\"wp-block-separator has-css-opacity\"\/>\n\n\n\n<h2 class=\"has-text-align-center\">  <br>  <br>  <br>esquisses, archives<br>  <br>  <\/h2>\n\n\n\n<div class=\"wp-block-fv-player-gutenberg-basic\"><div id=\"wpfp_845b1907e5238b6e761c38e9c41fd0c6\" class=\"flowplayer no-brand is-splash is-paused skin-slim no-svg fp-slim fp-edgy has-playlist has-playlist-horizontal has-splash-text\" data-fvautoplay=\"-1\" style=\"position:relative; max-width: 100%; \" data-ratio=\"0.5625\">\n\t<div class=\"fp-ratio\" style=\"padding-top: 56.25%\"><\/div>\n\t<img class=\"fp-splash\" alt=\"Court m\u00e9trage de Lili bulle\" src=\"http:\/\/aaria-tv.com\/wpzeri\/wp-content\/uploads\/2016\/10\/lili.jpg\" style=\"position:absolute;top:0;width:100%\" \/>\n\t<div class=\"fp-ui\"><noscript>Please enable JavaScript<\/noscript><div class=\"fp-play fp-visible\"><svg class=\"fp-play-sharp-fill\" xmlns=\"http:\/\/www.w3.org\/2000\/svg\" viewBox=\"0 0 100 100\"><defs><style>.fp-color-play{opacity:0.65;}.controlbutton{fill:#fff;}<\/style><\/defs><title>play-sharp-fill<\/title><path class=\"fp-color-play\" d=\"M49.9217-.078a50,50,0,1,0,50,50A50.0564,50.0564,0,0,0,49.9217-.078Z\"\/><polygon class=\"controlbutton\" points=\"73.601 50 37.968 70.573 37.968 29.427 73.601 50\" filter=\"url(#f1)\"\/><\/svg><\/div><div class=\"fp-preload\"><b><\/b><b><\/b><b><\/b><b><\/b><\/div><\/div>\n<div class=\"fvfp_duration\">04:07<\/div>\n<div class='fv-fp-splash-text'><span class='custom-play-button'>esquisses<\/span><\/div>\n<\/div>\n\t<div class=\"fp-playlist-external fv-playlist-design-2017 fp-playlist-horizontal fp-playlist-has-captions skin-slim\" rel=\"wpfp_845b1907e5238b6e761c38e9c41fd0c6\">\n\t\t<a href='#' data-item='{\"sources\":[{\"src\":\"http:\\\/\\\/aaria-tv.com\\\/mp4\\\/lili.mp4\",\"type\":\"video\\\/mp4\"}],\"id\":\"17\",\"fv_title\":\"Court m\\u00e9trage de Lili bulle\",\"splash\":\"http:\\\/\\\/aaria-tv.com\\\/wpzeri\\\/wp-content\\\/uploads\\\/2016\\\/10\\\/lili.jpg\"}'><div class='fvp-playlist-thumb-img'><img  src='http:\/\/aaria-tv.com\/wpzeri\/wp-content\/uploads\/2016\/10\/lili.jpg' \/><\/div><h4><span>Court m\u00e9trage de Lili bulle<\/span><i class=\"dur\">04:07<\/i><\/h4><\/a>\n\t\t<a href='#' data-item='{\"sources\":[{\"src\":\"http:\\\/\\\/aaria-tv.com\\\/mp4\\\/line_liv_web1.mp4\",\"type\":\"video\\\/mp4\"}],\"id\":18,\"fv_title\":\"esquisses 3D\",\"splash\":\"http:\\\/\\\/aaria-tv.com\\\/wpzeri\\\/wp-content\\\/uploads\\\/2016\\\/10\\\/line_liv.jpg\"}'><div class='fvp-playlist-thumb-img'><img  src='http:\/\/aaria-tv.com\/wpzeri\/wp-content\/uploads\/2016\/10\/line_liv.jpg' \/><\/div><h4><span>esquisses 3D<\/span><i class=\"dur\">00:50<\/i><\/h4><\/a>\n\t<\/div>\n<\/div>\n\n\n\n<hr class=\"wp-block-separator has-css-opacity\"\/>\n\n\n\n<h2 class=\"has-text-align-center\">  <br>  <br>  <br>le petit train-po\u00e8me de Pascale Benedetto<\/h2>\n\n\n<div class=\"wonderplugin-video\" style=\"width:1280px;height:720px;background-color:#000;overflow:hidden;max-width:100%;margin:0 auto\" data-aspectratio=\"1.7777777777778\"><div class=\"wpve-videoplayer\" style=\"width:100%;height:100%\" data-mp4=\"http:\/\/aaria-tv.com\/mp4\/TRAIN_POEME.mp4\" data-skinfolder=\"http:\/\/aaria-tv.com\/wpzeri\/wp-content\/plugins\/wonderplugin-video-embed\/engine\/\" data-poster=\"http:\/\/aaria-tv.com\/wpzeri\/wp-content\/uploads\/2019\/10\/4Xxlit.jpg\" data-playbutton=\"http:\/\/aaria-tv.com\/wpzeri\/wp-content\/plugins\/wonderplugin-video-embed\/engine\/playvideo-64-64-0.png\"><\/div><\/div>\n\n\n<h2>&nbsp;<\/h2>\n\n\n\n<hr class=\"wp-block-separator has-css-opacity\"\/>\n\n\n\n<h6><\/h6>\n\n\n\n<hr class=\"wp-block-separator has-alpha-channel-opacity is-style-wide\"\/>\n\n\n\n<h2><br><br><br><br><br><a href=\"http:\/\/aaria-tv.com\/wpzeri\/films-3\/films\/\">films fictions documentaires<\/a><\/h2>\n\n\n\n<h2><a href=\"http:\/\/aaria-tv.com\/wpzeri\/films-3\/archives-esquisses\/\">Cha\u00eene AARIA youtube<\/a><\/h2>\n","protected":false},"excerpt":{"rendered":"<p>films clip-art &amp; installations performances films-docs expos &amp; festivals captations esquisses, archives le petit train-po\u00e8me de Pascale Benedetto &nbsp; films fictions documentaires Cha\u00eene AARIA youtube<\/p>\n","protected":false},"author":1,"featured_media":485,"parent":380,"menu_order":1,"comment_status":"closed","ping_status":"closed","template":"template-fullwidth-no-title.php","meta":[],"_links":{"self":[{"href":"http:\/\/aaria-tv.com\/wpzeri\/wp-json\/wp\/v2\/pages\/241"}],"collection":[{"href":"http:\/\/aaria-tv.com\/wpzeri\/wp-json\/wp\/v2\/pages"}],"about":[{"href":"http:\/\/aaria-tv.com\/wpzeri\/wp-json\/wp\/v2\/types\/page"}],"author":[{"embeddable":true,"href":"http:\/\/aaria-tv.com\/wpzeri\/wp-json\/wp\/v2\/users\/1"}],"replies":[{"embeddable":true,"href":"http:\/\/aaria-tv.com\/wpzeri\/wp-json\/wp\/v2\/comments?post=241"}],"version-history":[{"count":78,"href":"http:\/\/aaria-tv.com\/wpzeri\/wp-json\/wp\/v2\/pages\/241\/revisions"}],"predecessor-version":[{"id":3732,"href":"http:\/\/aaria-tv.com\/wpzeri\/wp-json\/wp\/v2\/pages\/241\/revisions\/3732"}],"up":[{"embeddable":true,"href":"http:\/\/aaria-tv.com\/wpzeri\/wp-json\/wp\/v2\/pages\/380"}],"wp:featuredmedia":[{"embeddable":true,"href":"http:\/\/aaria-tv.com\/wpzeri\/wp-json\/wp\/v2\/media\/485"}],"wp:attachment":[{"href":"http:\/\/aaria-tv.com\/wpzeri\/wp-json\/wp\/v2\/media?parent=241"}],"curies":[{"name":"wp","href":"https:\/\/api.w.org\/{rel}","templated":true}]}}