{"id":526,"date":"2016-10-27T22:58:51","date_gmt":"2016-10-27T22:58:51","guid":{"rendered":"http:\/\/aaria-tv.com\/wpzeri\/?page_id=526"},"modified":"2024-01-15T15:12:06","modified_gmt":"2024-01-15T15:12:06","slug":"archives-esquisses","status":"publish","type":"page","link":"http:\/\/aaria-tv.com\/wpzeri\/films-3\/archives-esquisses\/","title":{"rendered":"Cha\u00eene aariatv YOUTUBE"},"content":{"rendered":"\n<h2 class=\"has-vivid-red-color has-text-color\">Playlists youtube<\/h2>\n\n\n\n<p><a href=\"https:\/\/www.youtube.com\/@aariatv\/playlists\">https:\/\/www.youtube.com\/@aariatv\/playlists<\/a><\/p>\n\n\n\n<h2><br>Films, Documentaires-fiction, road-movies, d\u00e9rives<\/h2>\n\n\n\n<figure class=\"wp-block-image size-full is-resized\"><a href=\"https:\/\/www.youtube.com\/playlist?list=PLDYQglsbBxii3kI39lde-MJ3z5uG9hzTO\"><img loading=\"lazy\" src=\"http:\/\/aaria-tv.com\/wpzeri\/wp-content\/uploads\/2024\/01\/pict-films-lit.jpg\" alt=\"\" class=\"wp-image-3403\" width=\"400\" height=\"211\"\/><\/a><\/figure>\n\n\n\n<p><\/p>\n\n\n\n<h2><br>Vid\u00e9os li\u00e9es au Th\u00e9\u00e2tre des Carmes Andr\u00e9 Benedetto<\/h2>\n\n\n\n<figure class=\"wp-block-image size-full is-resized\"><a href=\"https:\/\/www.youtube.com\/playlist?list=PLDYQglsbBxihQJoUOPfBvwmGGAQrYQGOA\"><img loading=\"lazy\" src=\"http:\/\/aaria-tv.com\/wpzeri\/wp-content\/uploads\/2023\/01\/9xcrier.jpg\" alt=\"\" class=\"wp-image-2877\" width=\"401\" height=\"401\" srcset=\"http:\/\/aaria-tv.com\/wpzeri\/wp-content\/uploads\/2023\/01\/9xcrier.jpg 2000w, http:\/\/aaria-tv.com\/wpzeri\/wp-content\/uploads\/2023\/01\/9xcrier-300x300.jpg 300w, http:\/\/aaria-tv.com\/wpzeri\/wp-content\/uploads\/2023\/01\/9xcrier-150x150.jpg 150w, http:\/\/aaria-tv.com\/wpzeri\/wp-content\/uploads\/2023\/01\/9xcrier-768x768.jpg 768w, http:\/\/aaria-tv.com\/wpzeri\/wp-content\/uploads\/2023\/01\/9xcrier-1536x1536.jpg 1536w, http:\/\/aaria-tv.com\/wpzeri\/wp-content\/uploads\/2023\/01\/9xcrier-73x73.jpg 73w, http:\/\/aaria-tv.com\/wpzeri\/wp-content\/uploads\/2023\/01\/9xcrier-174x174.jpg 174w, http:\/\/aaria-tv.com\/wpzeri\/wp-content\/uploads\/2023\/01\/9xcrier-250x250.jpg 250w\" sizes=\"(max-width: 401px) 100vw, 401px\" \/><\/a><\/figure>\n\n\n\n<p><\/p>\n\n\n\n<h2>  <br>Po\u00e8mes-vid\u00e9ogrammes<\/h2>\n\n\n\n<figure class=\"wp-block-image size-full is-resized\"><a href=\"https:\/\/www.youtube.com\/playlist?list=PLDYQglsbBxij0vRDZAFfE9_I8NjM_iuir\"><img loading=\"lazy\" src=\"http:\/\/aaria-tv.com\/wpzeri\/wp-content\/uploads\/2023\/10\/compil-imaZZt.jpg\" alt=\"\" class=\"wp-image-3225\" width=\"401\" height=\"225\" srcset=\"http:\/\/aaria-tv.com\/wpzeri\/wp-content\/uploads\/2023\/10\/compil-imaZZt.jpg 1920w, http:\/\/aaria-tv.com\/wpzeri\/wp-content\/uploads\/2023\/10\/compil-imaZZt-300x169.jpg 300w, http:\/\/aaria-tv.com\/wpzeri\/wp-content\/uploads\/2023\/10\/compil-imaZZt-768x432.jpg 768w, http:\/\/aaria-tv.com\/wpzeri\/wp-content\/uploads\/2023\/10\/compil-imaZZt-1536x864.jpg 1536w\" sizes=\"(max-width: 401px) 100vw, 401px\" \/><\/a><\/figure>\n\n\n\n<p><\/p>\n\n\n\n<h2><br>Captations, \u00e9v\u00e8nements<\/h2>\n\n\n\n<figure class=\"wp-block-image size-full is-resized\"><a href=\"https:\/\/www.youtube.com\/playlist?list=PLDYQglsbBxihch3ET5T4NTYSsb1scO3yf\"><img loading=\"lazy\" src=\"http:\/\/aaria-tv.com\/wpzeri\/wp-content\/uploads\/2021\/05\/radiosolo.jpg\" alt=\"\" class=\"wp-image-2300\" width=\"358\" height=\"358\" srcset=\"http:\/\/aaria-tv.com\/wpzeri\/wp-content\/uploads\/2021\/05\/radiosolo.jpg 1000w, http:\/\/aaria-tv.com\/wpzeri\/wp-content\/uploads\/2021\/05\/radiosolo-300x300.jpg 300w, http:\/\/aaria-tv.com\/wpzeri\/wp-content\/uploads\/2021\/05\/radiosolo-150x150.jpg 150w, http:\/\/aaria-tv.com\/wpzeri\/wp-content\/uploads\/2021\/05\/radiosolo-768x768.jpg 768w, http:\/\/aaria-tv.com\/wpzeri\/wp-content\/uploads\/2021\/05\/radiosolo-73x73.jpg 73w, http:\/\/aaria-tv.com\/wpzeri\/wp-content\/uploads\/2021\/05\/radiosolo-174x174.jpg 174w, http:\/\/aaria-tv.com\/wpzeri\/wp-content\/uploads\/2021\/05\/radiosolo-250x250.jpg 250w\" sizes=\"(max-width: 358px) 100vw, 358px\" \/><\/a><\/figure>\n\n\n\n<p><\/p>\n\n\n\n<h2><br>archives vid\u00e9o des Nuits Composites<\/h2>\n\n\n\n<p class=\"has-small-font-size\"><em>Rencontres de cr\u00e9ation France-Uruguay-Chine<br>Production: Artistes de Monde &#8211; Groupe Cahors<br>Direction artistique : Jos\u00e9 Sobrecases<\/em><\/p>\n\n\n\n<figure class=\"wp-block-image size-full\"><a href=\"https:\/\/www.youtube.com\/playlist?list=PLDYQglsbBxijn3yjPn1b5EKWTfzIik5ZS\"><img loading=\"lazy\" width=\"358\" height=\"606\" src=\"http:\/\/aaria-tv.com\/wpzeri\/wp-content\/uploads\/2021\/03\/nuit_03.jpg\" alt=\"\" class=\"wp-image-1979\" srcset=\"http:\/\/aaria-tv.com\/wpzeri\/wp-content\/uploads\/2021\/03\/nuit_03.jpg 358w, http:\/\/aaria-tv.com\/wpzeri\/wp-content\/uploads\/2021\/03\/nuit_03-177x300.jpg 177w\" sizes=\"(max-width: 358px) 100vw, 358px\" \/><\/a><\/figure>\n\n\n\n<p><\/p>\n\n\n\n<p><\/p>\n","protected":false},"excerpt":{"rendered":"<p>Playlists youtube https:\/\/www.youtube.com\/@aariatv\/playlists Films, Documentaires-fiction, road-movies, d\u00e9rives Vid\u00e9os li\u00e9es au Th\u00e9\u00e2tre des Carmes Andr\u00e9 Benedetto Po\u00e8mes-vid\u00e9ogrammes Captations, \u00e9v\u00e8nements archives vid\u00e9o des Nuits Composites Rencontres de cr\u00e9ation France-Uruguay-ChineProduction: Artistes de Monde &#8211; Groupe CahorsDirection artistique : Jos\u00e9 Sobrecases<\/p>\n","protected":false},"author":1,"featured_media":0,"parent":380,"menu_order":5,"comment_status":"closed","ping_status":"closed","template":"template-fullwidth.php","meta":[],"_links":{"self":[{"href":"http:\/\/aaria-tv.com\/wpzeri\/wp-json\/wp\/v2\/pages\/526"}],"collection":[{"href":"http:\/\/aaria-tv.com\/wpzeri\/wp-json\/wp\/v2\/pages"}],"about":[{"href":"http:\/\/aaria-tv.com\/wpzeri\/wp-json\/wp\/v2\/types\/page"}],"author":[{"embeddable":true,"href":"http:\/\/aaria-tv.com\/wpzeri\/wp-json\/wp\/v2\/users\/1"}],"replies":[{"embeddable":true,"href":"http:\/\/aaria-tv.com\/wpzeri\/wp-json\/wp\/v2\/comments?post=526"}],"version-history":[{"count":39,"href":"http:\/\/aaria-tv.com\/wpzeri\/wp-json\/wp\/v2\/pages\/526\/revisions"}],"predecessor-version":[{"id":3409,"href":"http:\/\/aaria-tv.com\/wpzeri\/wp-json\/wp\/v2\/pages\/526\/revisions\/3409"}],"up":[{"embeddable":true,"href":"http:\/\/aaria-tv.com\/wpzeri\/wp-json\/wp\/v2\/pages\/380"}],"wp:attachment":[{"href":"http:\/\/aaria-tv.com\/wpzeri\/wp-json\/wp\/v2\/media?parent=526"}],"curies":[{"name":"wp","href":"https:\/\/api.w.org\/{rel}","templated":true}]}}