{"id":537,"date":"2016-10-28T00:19:42","date_gmt":"2016-10-28T00:19:42","guid":{"rendered":"http:\/\/aaria-tv.com\/wpzeri\/?page_id=537"},"modified":"2023-09-10T16:08:41","modified_gmt":"2023-09-10T16:08:41","slug":"simulations","status":"publish","type":"page","link":"http:\/\/aaria-tv.com\/wpzeri\/simulations\/","title":{"rendered":"Simulations"},"content":{"rendered":"<h3>&nbsp; <\/h3>\n<h3>&nbsp; <\/h3>\n<h2>Simulations Architecturales 3D<br>clips vid\u00e9o 3D.<\/h2>\n<h3>&nbsp;<\/h3>\n\n\n<div id=\"wpfp_99e1904600ea39f9e294701b3d56e722\" class=\"flowplayer no-brand is-splash is-paused skin-slim no-svg fp-slim fp-edgy has-playlist has-playlist-horizontal alignleft\" style=\"position:relative; max-width: 100%; \" data-ratio=\"0.5625\">\n\t<div class=\"fp-ratio\" style=\"padding-top: 56.25%\"><\/div>\n\t<img class=\"fp-splash\" alt=\"Construction d&#039;une salle des f\u00eates \u00e0 Draguignan;Etude pour l&#039;aire de S\u00e9verac le chateau;aire du viaduc de millau, attractivit\u00e9;Usine du May \u00e0 Thiers, Turbine et dynamo;La production d&#039;\u00e9nergie dans un barrage Hydro\u00e9lectrique\" src=\"http:\/\/aaria-tv.com\/wpzeri\/wp-content\/uploads\/2016\/10\/draguibig.jpg\" style=\"position:absolute;top:0;width:100%\" \/>\n\t<div class=\"fp-ui\"><noscript>Please enable JavaScript<\/noscript><div class=\"fp-play fp-visible\"><svg class=\"fp-play-sharp-fill\" xmlns=\"http:\/\/www.w3.org\/2000\/svg\" viewBox=\"0 0 100 100\"><defs><style>.fp-color-play{opacity:0.65;}.controlbutton{fill:#fff;}<\/style><\/defs><title>play-sharp-fill<\/title><path class=\"fp-color-play\" d=\"M49.9217-.078a50,50,0,1,0,50,50A50.0564,50.0564,0,0,0,49.9217-.078Z\"\/><polygon class=\"controlbutton\" points=\"73.601 50 37.968 70.573 37.968 29.427 73.601 50\" filter=\"url(#f1)\"\/><\/svg><\/div><div class=\"fp-preload\"><b><\/b><b><\/b><b><\/b><b><\/b><\/div><\/div>\n<div class=\"fvfp_duration\">03:00<\/div>\n<\/div>\n\t<div class=\"fp-playlist-external fv-playlist-design-2017 fp-playlist-horizontal fp-playlist-has-captions skin-slim\" rel=\"wpfp_99e1904600ea39f9e294701b3d56e722\">\n\t\t<a href='#' data-item='{\"sources\":[{\"src\":\"http:\\\/\\\/aaria-tv.com\\\/mp4\\\/draguignan_salle_des_fetes.mp4\",\"type\":\"video\\\/mp4\"}],\"fv_title\":\"Construction d\\u0027une salle des f\\u00eates \\u00e0 Draguignan\",\"splash\":\"http:\\\/\\\/aaria-tv.com\\\/wpzeri\\\/wp-content\\\/uploads\\\/2016\\\/10\\\/draguibig.jpg\"}'><div class='fvp-playlist-thumb-img'><img  src='http:\/\/aaria-tv.com\/wpzeri\/wp-content\/uploads\/2016\/10\/draguibig.jpg' \/><\/div><h4><span>Construction d'une salle des f\u00eates \u00e0 Draguignan<\/span><i class=\"dur\">03:00<\/i><\/h4><\/a>\n\t\t<a href='#' data-item='{\"sources\":[{\"src\":\"http:\\\/\\\/aaria-tv.com\\\/mp4\\\/severac.mp4\",\"type\":\"video\\\/mp4\"}],\"fv_title\":\"Etude pour l\\u0027aire de S\\u00e9verac le chateau\",\"splash\":\"http:\\\/\\\/aaria-tv.com\\\/wpzeri\\\/wp-content\\\/uploads\\\/2016\\\/10\\\/severac45.jpg\"}'><div class='fvp-playlist-thumb-img'><img  src='http:\/\/aaria-tv.com\/wpzeri\/wp-content\/uploads\/2016\/10\/severac45.jpg' \/><\/div><h4><span>Etude pour l'aire de S\u00e9verac le chateau<\/span><i class=\"dur\">03:53<\/i><\/h4><\/a>\n\t\t<a href='#' data-item='{\"sources\":[{\"src\":\"http:\\\/\\\/aaria-tv.com\\\/mp4\\\/aire_millau_attractivite.mp4\",\"type\":\"video\\\/mp4\"}],\"fv_title\":\"aire du viaduc de millau, attractivit\\u00e9\",\"splash\":\"http:\\\/\\\/aaria-tv.com\\\/wpzeri\\\/wp-content\\\/uploads\\\/2016\\\/10\\\/broc.jpg\"}'><div class='fvp-playlist-thumb-img'><img  src='http:\/\/aaria-tv.com\/wpzeri\/wp-content\/uploads\/2016\/10\/broc.jpg' \/><\/div><h4><span>aire du viaduc de millau, attractivit\u00e9<\/span><i class=\"dur\">03:37<\/i><\/h4><\/a>\n\t\t<a href='#' data-item='{\"sources\":[{\"src\":\"http:\\\/\\\/aaria-tv.com\\\/mp4\\\/thiers_may.mp4\",\"type\":\"video\\\/mp4\"}],\"fv_title\":\"Usine du May \\u00e0 Thiers, Turbine et dynamo\",\"splash\":\"http:\\\/\\\/aaria-tv.com\\\/wpzeri\\\/wp-content\\\/uploads\\\/2016\\\/11\\\/thiers.jpg\"}'><div class='fvp-playlist-thumb-img'><img  src='http:\/\/aaria-tv.com\/wpzeri\/wp-content\/uploads\/2016\/11\/thiers.jpg' \/><\/div><h4><span>Usine du May \u00e0 Thiers, Turbine et dynamo<\/span><\/h4><\/a>\n\t\t<a href='#' data-item='{\"sources\":[{\"src\":\"http:\\\/\\\/aaria-tv.com\\\/mp4\\\/turbine_chas_web.mp4\",\"type\":\"video\\\/mp4\"}],\"fv_title\":\"La production d\\u0027\\u00e9nergie dans un barrage Hydro\\u00e9lectrique\",\"splash\":\"http:\\\/\\\/aaria-tv.com\\\/wpzeri\\\/wp-content\\\/uploads\\\/2016\\\/11\\\/turbiturn0060.jpg\"}'><div class='fvp-playlist-thumb-img'><img  src='http:\/\/aaria-tv.com\/wpzeri\/wp-content\/uploads\/2016\/11\/turbiturn0060.jpg' \/><\/div><h4><span>La production d'\u00e9nergie dans un barrage Hydro\u00e9lectrique<\/span><\/h4><\/a>\n\t<\/div>\n\n\n\n\n<h2><br><br><br>Simulations&nbsp;Sc\u00e9nographiques<br>Panoramiques 360\u00b0 interactifs<\/h2>\n\n\n\n<figure class=\"wp-container-2 wp-block-gallery-1 wp-block-gallery has-nested-images columns-4 is-cropped\">\n<figure class=\"wp-block-image size-large\"><a href=\"http:\/\/aaria-tv.com\/panoramas\/demo_groupam_all_ht5.html\"><img loading=\"lazy\" width=\"400\" height=\"200\" data-id=\"687\"  src=\"http:\/\/aaria-tv.com\/wpzeri\/wp-content\/uploads\/2016\/11\/thumbnail.jpg\" alt=\"\" class=\"wp-image-687\" srcset=\"http:\/\/aaria-tv.com\/wpzeri\/wp-content\/uploads\/2016\/11\/thumbnail.jpg 400w, http:\/\/aaria-tv.com\/wpzeri\/wp-content\/uploads\/2016\/11\/thumbnail-300x150.jpg 300w\" sizes=\"(max-width: 400px) 100vw, 400px\" \/><\/a><figcaption>etude \u00e9v\u00e8nementiel, Images Virtuelles<\/figcaption><\/figure>\n\n\n\n<figure class=\"wp-block-image size-full\"><a href=\"http:\/\/aaria-tv.com\/panotour\/lacanourgue2.html\"><img loading=\"lazy\" width=\"150\" height=\"150\" data-id=\"541\"  src=\"http:\/\/aaria-tv.com\/wpzeri\/wp-content\/uploads\/2016\/10\/simul.jpg\" alt=\"\" class=\"wp-image-541\" srcset=\"http:\/\/aaria-tv.com\/wpzeri\/wp-content\/uploads\/2016\/10\/simul.jpg 150w, http:\/\/aaria-tv.com\/wpzeri\/wp-content\/uploads\/2016\/10\/simul-73x73.jpg 73w\" sizes=\"(max-width: 150px) 100vw, 150px\" \/><\/a><figcaption>\u00e9tude architecture La Canourgue,  Navecth Architectes<\/figcaption><\/figure>\n\n\n\n<figure class=\"wp-block-image size-large\"><a href=\"http:\/\/aaria-tv.com\/panoramas\/demonajac.html\"><img loading=\"lazy\" width=\"512\" height=\"288\" data-id=\"681\"  src=\"http:\/\/aaria-tv.com\/wpzeri\/wp-content\/uploads\/2016\/11\/salle2-b.jpg\" alt=\"\" class=\"wp-image-681\" srcset=\"http:\/\/aaria-tv.com\/wpzeri\/wp-content\/uploads\/2016\/11\/salle2-b.jpg 512w, http:\/\/aaria-tv.com\/wpzeri\/wp-content\/uploads\/2016\/11\/salle2-b-300x169.jpg 300w\" sizes=\"(max-width: 512px) 100vw, 512px\" \/><\/a><figcaption>\u00e9tude sc\u00e9nographie Najac, Navecth Architectes<\/figcaption><\/figure>\n\n\n\n<figure class=\"wp-block-image size-large\"><a href=\"http:\/\/aaria-tv.com\/panoramas\/attractivite.html\"><img loading=\"lazy\" width=\"500\" height=\"282\" data-id=\"670\"  src=\"http:\/\/aaria-tv.com\/wpzeri\/wp-content\/uploads\/2016\/10\/broc.jpg\" alt=\"\" class=\"wp-image-670\" srcset=\"http:\/\/aaria-tv.com\/wpzeri\/wp-content\/uploads\/2016\/10\/broc.jpg 500w, http:\/\/aaria-tv.com\/wpzeri\/wp-content\/uploads\/2016\/10\/broc-300x169.jpg 300w\" sizes=\"(max-width: 500px) 100vw, 500px\" \/><\/a><figcaption>Am\u00e9nagement Viaduc de Millau. Ferme de Brocuejouls, Sc\u00e9nographie Navecth Architectes<\/figcaption><\/figure>\n<\/figure>\n\n\n\n<p>  <br><br>  <\/p>\n\n\n\n<h2>Visites Virtuelles<br>Panoramiques 360\u00b0 interactifs<\/h2>\n\n\n\n<figure class=\"wp-container-4 wp-block-gallery-3 wp-block-gallery has-nested-images columns-4 is-cropped\">\n<figure class=\"wp-block-image size-large\"><a href=\"http:\/\/aaria-tv.com\/panotour\/bar.html?flash=prefer\"><img loading=\"lazy\" width=\"215\" height=\"200\" data-id=\"696\"  src=\"http:\/\/aaria-tv.com\/wpzeri\/wp-content\/uploads\/2016\/11\/barrage.jpg\" alt=\"\" class=\"wp-image-696\"\/><\/a><figcaption>Visite virtuelle des entrailles d&rsquo;un barrage hydro\u00e9lectrique en corr\u00e8ze<\/figcaption><\/figure>\n\n\n\n<figure class=\"wp-block-image size-large\"><a href=\"http:\/\/aaria-tv.com\/peter\/bessom6.html\"><img loading=\"lazy\" width=\"400\" height=\"400\" data-id=\"695\"  src=\"http:\/\/aaria-tv.com\/wpzeri\/wp-content\/uploads\/2016\/11\/bessom.jpg\" alt=\"\" class=\"wp-image-695\" srcset=\"http:\/\/aaria-tv.com\/wpzeri\/wp-content\/uploads\/2016\/11\/bessom.jpg 400w, http:\/\/aaria-tv.com\/wpzeri\/wp-content\/uploads\/2016\/11\/bessom-150x150.jpg 150w, http:\/\/aaria-tv.com\/wpzeri\/wp-content\/uploads\/2016\/11\/bessom-300x300.jpg 300w, http:\/\/aaria-tv.com\/wpzeri\/wp-content\/uploads\/2016\/11\/bessom-73x73.jpg 73w, http:\/\/aaria-tv.com\/wpzeri\/wp-content\/uploads\/2016\/11\/bessom-174x174.jpg 174w, http:\/\/aaria-tv.com\/wpzeri\/wp-content\/uploads\/2016\/11\/bessom-250x250.jpg 250w\" sizes=\"(max-width: 400px) 100vw, 400px\" \/><\/a><figcaption>Galerie imaginaire du peintre Bessompierre<\/figcaption><\/figure>\n\n\n\n<figure class=\"wp-block-image size-large\"><a href=\"http:\/\/aaria-tv.com\/panoramas\/agnus_htmflash2.html?flash=prefer\"><img loading=\"lazy\" width=\"400\" height=\"400\" data-id=\"697\"  src=\"http:\/\/aaria-tv.com\/wpzeri\/wp-content\/uploads\/2016\/11\/cath_rodez.jpg\" alt=\"\" class=\"wp-image-697\" srcset=\"http:\/\/aaria-tv.com\/wpzeri\/wp-content\/uploads\/2016\/11\/cath_rodez.jpg 400w, http:\/\/aaria-tv.com\/wpzeri\/wp-content\/uploads\/2016\/11\/cath_rodez-150x150.jpg 150w, http:\/\/aaria-tv.com\/wpzeri\/wp-content\/uploads\/2016\/11\/cath_rodez-300x300.jpg 300w, http:\/\/aaria-tv.com\/wpzeri\/wp-content\/uploads\/2016\/11\/cath_rodez-73x73.jpg 73w, http:\/\/aaria-tv.com\/wpzeri\/wp-content\/uploads\/2016\/11\/cath_rodez-174x174.jpg 174w, http:\/\/aaria-tv.com\/wpzeri\/wp-content\/uploads\/2016\/11\/cath_rodez-250x250.jpg 250w\" sizes=\"(max-width: 400px) 100vw, 400px\" \/><\/a><figcaption>Dyptique virtuel dans la Cath\u00e9drale de Rodez. Agnus Dei<\/figcaption><\/figure>\n\n\n\n<figure class=\"wp-block-image size-large\"><a href=\"http:\/\/aaria-tv.com\/panoramas\/salinous2.html\"><img loading=\"lazy\" width=\"500\" height=\"430\" data-id=\"1766\"  src=\"http:\/\/aaria-tv.com\/wpzeri\/wp-content\/uploads\/2020\/09\/salinas.jpg\" alt=\"\" class=\"wp-image-1766\" srcset=\"http:\/\/aaria-tv.com\/wpzeri\/wp-content\/uploads\/2020\/09\/salinas.jpg 500w, http:\/\/aaria-tv.com\/wpzeri\/wp-content\/uploads\/2020\/09\/salinas-300x258.jpg 300w\" sizes=\"(max-width: 500px) 100vw, 500px\" \/><\/a><figcaption>expo virtuelle \u00e0 Salin-de-Giraud avec Baudrillard et Beckett<\/figcaption><\/figure>\n<\/figure>\n\n\n\n<p><\/p>\n","protected":false},"excerpt":{"rendered":"<p>&nbsp; &nbsp; Simulations Architecturales 3Dclips vid\u00e9o 3D. &nbsp; &nbsp; Simulations&nbsp;Sc\u00e9nographiquesPanoramiques 360\u00b0 interactifs Visites VirtuellesPanoramiques 360\u00b0 interactifs<\/p>\n","protected":false},"author":1,"featured_media":549,"parent":0,"menu_order":0,"comment_status":"closed","ping_status":"closed","template":"template-fullwidth.php","meta":[],"_links":{"self":[{"href":"http:\/\/aaria-tv.com\/wpzeri\/wp-json\/wp\/v2\/pages\/537"}],"collection":[{"href":"http:\/\/aaria-tv.com\/wpzeri\/wp-json\/wp\/v2\/pages"}],"about":[{"href":"http:\/\/aaria-tv.com\/wpzeri\/wp-json\/wp\/v2\/types\/page"}],"author":[{"embeddable":true,"href":"http:\/\/aaria-tv.com\/wpzeri\/wp-json\/wp\/v2\/users\/1"}],"replies":[{"embeddable":true,"href":"http:\/\/aaria-tv.com\/wpzeri\/wp-json\/wp\/v2\/comments?post=537"}],"version-history":[{"count":47,"href":"http:\/\/aaria-tv.com\/wpzeri\/wp-json\/wp\/v2\/pages\/537\/revisions"}],"predecessor-version":[{"id":3174,"href":"http:\/\/aaria-tv.com\/wpzeri\/wp-json\/wp\/v2\/pages\/537\/revisions\/3174"}],"wp:featuredmedia":[{"embeddable":true,"href":"http:\/\/aaria-tv.com\/wpzeri\/wp-json\/wp\/v2\/media\/549"}],"wp:attachment":[{"href":"http:\/\/aaria-tv.com\/wpzeri\/wp-json\/wp\/v2\/media?parent=537"}],"curies":[{"name":"wp","href":"https:\/\/api.w.org\/{rel}","templated":true}]}}